{"id":19,"date":"2017-07-11T13:03:27","date_gmt":"2017-07-11T11:03:27","guid":{"rendered":"https:\/\/www.vollberg-gmbh.de\/?page_id=19"},"modified":"2021-12-09T15:04:42","modified_gmt":"2021-12-09T14:04:42","slug":"tradition","status":"publish","type":"page","link":"https:\/\/www.vollberg-gmbh.de\/?page_id=19","title":{"rendered":"Tradition"},"content":{"rendered":"\n<style type=\"text\/css\" data-created_by=\"avia_inline_auto\" id=\"style-css-av-8swyr-c7c61e9731a4f37e280db4520ca5058d\">\n.avia-section.av-8swyr-c7c61e9731a4f37e280db4520ca5058d .av-parallax .av-parallax-inner{\nbackground-repeat:no-repeat;\nbackground-image:url(https:\/\/www.vollberg-gmbh.de\/wp-content\/uploads\/2017\/07\/Forest_9819_1700.jpg);\nbackground-position:50% 50%;\nbackground-attachment:scroll;\n}\n<\/style>\n<div id='av_section_1'  class='avia-section av-8swyr-c7c61e9731a4f37e280db4520ca5058d main_color avia-section-default avia-no-shadow  avia-builder-el-0  el_before_av_section  avia-builder-el-first  av-parallax-section avia-bg-style-parallax  av-minimum-height av-minimum-height-100  container_wrap fullsize'  data-section-bg-repeat='no-repeat' data-av_minimum_height_pc='100'><div class='av-parallax' data-avia-parallax-ratio='0.3' ><div class='av-parallax-inner main_color avia-full-stretch'><\/div><\/div><div class='av-section-color-overlay-wrap'><a href='#next-section' title='' class='scroll-down-link ' aria-hidden='true' data-av_icon='\ue877' data-av_iconfont='entypo-fontello'><\/a><div class='container av-section-cont-open' ><main  role=\"main\" itemprop=\"mainContentOfPage\"  class='template-page content  av-content-full alpha units'><div class='post-entry post-entry-type-page post-entry-19'><div class='entry-content-wrapper clearfix'>\n\n<style type=\"text\/css\" data-created_by=\"avia_inline_auto\" id=\"style-css-av-83tnb-b02a86820ca0de7234d33214be6cd172\">\n.flex_column.av-83tnb-b02a86820ca0de7234d33214be6cd172{\nborder-radius:0px 0px 0px 0px;\n-webkit-border-radius:0px 0px 0px 0px;\n-moz-border-radius:0px 0px 0px 0px;\npadding:50px 0px 00px 0px;\n}\n<\/style>\n<div class='flex_column av-83tnb-b02a86820ca0de7234d33214be6cd172 av_one_half  avia-builder-el-1  el_before_av_one_half  avia-builder-el-first  first flex_column_div  av-animated-generic bottom-to-top '   ><style type=\"text\/css\" data-created_by=\"avia_inline_auto\" id=\"style-css-av-7agxn-8a2c427ace7635e1698c0b6d34ccd4ed\">\n#top .av-rotator-container.av-7agxn-8a2c427ace7635e1698c0b6d34ccd4ed{\ntext-align:left;\nfont-size:45px;\nmargin:0 0 0 0;\n}\n<\/style>\n<div  class='av-rotator-container av-rotation-container-left av-7agxn-8a2c427ace7635e1698c0b6d34ccd4ed  avia-builder-el-2  avia-builder-el-no-sibling  ' data-interval='5' data-animation='1'><h4 class='av-rotator-container-inner '> <span class='av-rotator-text av-rotator-multiline-off '>\n<span class='av-rotator-text-single av-6qbs3-ed911109049e0287d28521d5aedab81c av-rotator-text-single-1'>Verantwortung<\/span>\n<span class='av-rotator-text-single av-616rj-aeebbcfea68abcd7bdaad33b9c6b4f0c av-rotator-text-single-2'>Energieeffizienz <\/span>\n<span class='av-rotator-text-single av-5h8mr-f3b5071facb97de9e9dab5922389141e av-rotator-text-single-3'>Nachhaltigkeit<\/span>\n<span class='av-rotator-text-single av-555wr-089bca56f79578ddd1a2edae978d2af8 av-rotator-text-single-4'>Umweltfreundlich<\/span>\n<\/span><\/h4><\/div><\/div>\n<style type=\"text\/css\" data-created_by=\"avia_inline_auto\" id=\"style-css-av-4b1kn-500478439b8bd7e1fe33c205652d8f4d\">\n.flex_column.av-4b1kn-500478439b8bd7e1fe33c205652d8f4d{\nborder-radius:0px 0px 0px 0px;\n-webkit-border-radius:0px 0px 0px 0px;\n-moz-border-radius:0px 0px 0px 0px;\npadding:40px 20px 40px 20px;\nbackground-color:rgba(255,255,255,0.74);\n}\n<\/style>\n<div class='flex_column av-4b1kn-500478439b8bd7e1fe33c205652d8f4d av_one_half  avia-builder-el-3  el_after_av_one_half  avia-builder-el-last  flex_column_div  av-animated-generic bottom-to-top '   ><section  class='av_textblock_section av-448if-9b562ce8c9a02a8252c69663a6a2a5a5 '  itemscope=\"itemscope\" itemtype=\"https:\/\/schema.org\/CreativeWork\" ><div class='avia_textblock '  itemprop=\"text\" ><div class=\"page\" title=\"\">\n<div class=\"section\">\n<div class=\"layoutArea\">\n<div class=\"column\">\n<div class=\"page\" title=\"\">\n<div class=\"section\">\n<div class=\"layoutArea\">\n<div class=\"column\">\n<div class=\"page\" title=\"\">\n<div class=\"section\">\n<div class=\"layoutArea\">\n<div class=\"column\">\n<h3 style=\"text-align: left;\"><strong>Vollberg for Future <\/strong><\/h3>\n<p><strong>Unser Beitrag zur Energiewende\u00a0mit CO2-freiem \u00d6kostrom\u00a0\u00a0\u00a0<\/strong><\/p>\n<p>Wir haben uns zur Einhaltung bestehender Umweltgesetze und Verordnungen verpflichtet. Unser Ziel ist dabei, die Auswirkungen auf die Umwelt\u00a0durch Energieeffizienz und Einsatz von unweltfreundlichen Produkten zu minimieren. Uns ist bewusst, dass wir als Produktionsbetrieb hier eine besondere Verantwortung tragen.<\/p>\n<p>Unsere Mitarbeiter werden durch regelm\u00e4\u00dfige Schulungsma\u00dfnahmen zu umwelt- und energiebewusstem Handeln aufgefordert und sensibilisiert. Hierzu werden j\u00e4hrlich qualit\u00e4tsrelevante Umweltziele definiert und umgesetzt.\u00a0Seit 2012 beziehen wir ausschlie\u00dflich zertifizierten \u00d6kostrom aus deutscher Wasserkraft und leisten mit\u00a0rund\u00a090 Tonnen CO2-Einsparung pro Jahr einen\u00a0deutlichen Beitrag zur Reduzierung von klimasch\u00e4dlichem CO2.<\/p>\n<p>Seit 2011 sind wir ausgezeichneter \u00d6koprofit-Betrieb. Den erfolgreichen Projektabschluss nutzen wir als Grundlage f\u00fcr\u00a0aktuelle Ma\u00dfnahmen im Bereich des betrieblichen Umweltschutzes, den wir zu einem festen Unternehmensbestandteil ausgebaut haben.<\/p>\n<\/div>\n<\/div>\n<\/div>\n<\/div>\n<\/div>\n<\/div>\n<\/div>\n<\/div>\n<\/div>\n<\/div>\n<\/div>\n<\/div>\n<\/div><\/section><\/div>\n\n<\/div><\/div><\/main><!-- close content main element --><\/div><\/div><\/div>\n<style type=\"text\/css\" data-created_by=\"avia_inline_auto\" id=\"style-css-av-kwz17ubf-26cd7c1edcd6f38a7d9efa0f0ca6e27c\">\n.avia-section.av-kwz17ubf-26cd7c1edcd6f38a7d9efa0f0ca6e27c{\nbackground-color:#e8e8e8;\n}\n<\/style>\n<div id='av_section_2'  class='avia-section av-kwz17ubf-26cd7c1edcd6f38a7d9efa0f0ca6e27c main_color avia-section-default avia-no-shadow  avia-builder-el-5  el_after_av_section  el_before_av_one_half  avia-bg-style-parallax  av-minimum-height av-minimum-height-100  container_wrap fullsize'   data-av_minimum_height_pc='100'><div class='av-section-color-overlay-wrap'><a href='#next-section' title='' class='scroll-down-link ' aria-hidden='true' data-av_icon='\ue877' data-av_iconfont='entypo-fontello'><\/a><div class='container av-section-cont-open' ><div class='template-page content  av-content-full alpha units'><div class='post-entry post-entry-type-page post-entry-19'><div class='entry-content-wrapper clearfix'>\n\n<style type=\"text\/css\" data-created_by=\"avia_inline_auto\" id=\"style-css-av-den8v-e54d4675de29db91b99793c41dc4e247\">\n.flex_column.av-den8v-e54d4675de29db91b99793c41dc4e247{\nborder-radius:0px 0px 0px 0px;\n-webkit-border-radius:0px 0px 0px 0px;\n-moz-border-radius:0px 0px 0px 0px;\n}\n<\/style>\n<div class='flex_column av-den8v-e54d4675de29db91b99793c41dc4e247 av_one_third  avia-builder-el-6  el_before_av_two_third  avia-builder-el-first  first flex_column_div  av-animated-generic bottom-to-top av-zero-column-padding '   ><section  class='av_textblock_section av-d0izn-d025c9453287aec71fbe3a23155087ae '  itemscope=\"itemscope\" itemtype=\"https:\/\/schema.org\/CreativeWork\" ><div class='avia_textblock '  itemprop=\"text\" ><div class=\"page\" title=\"\">\n<div class=\"section\">\n<div class=\"layoutArea\">\n<div class=\"column\">\n<p><strong>\u00dcber 110 Jahre kompetent &#8211; zuverl\u00e4ssig &#8211; tatkr\u00e4ftig<\/strong><\/p>\n<p>Mit der Schmiede meines Ur-Gro\u00dfvaters in Weilrod im Hochtaunus hat damals &#8211; noch zu Kaiser Wilhelms Zeiten &#8211; alles angefangen. Hier wurden Pferdehufe beschlagen. Nach dem Krieg kamen dann neben Schmiedearbeiten erste Zerspanungsauftr\u00e4ge sowie Schwei\u00dfarbeiten f\u00fcr\u00a0die Agrarindustrie und die Antriebstechnik hinzu. Seit den 80-er Jahren wird mit modernen Schwei\u00dfrobotern in Serie geschwei\u00dft. 1990 kam\u00a0der Umzug ins Industriegebiet\u00a0nach Usingen. Unsere Hauptkunden im Bereich der Nutzfahrzeugindustrie und der Medizintechnik sind uns seit mittlerweile \u00fcber 30 Jahren treu.<\/p>\n<p>Wir legen gro\u00dfen Wert auf individuelle Kundenbetreuung, faire\u00a0Preise, sowie eine hohe Qualit\u00e4t unserer Arbeit.<\/p>\n<p>Wir beraten Sie jederzeit gerne und sorgen\u00a0f\u00fcr die reibungslose Abwicklung Ihres Auftrages.<\/p>\n<p>Isabell Vollberg und Team<\/p>\n<\/div>\n<\/div>\n<\/div>\n<\/div>\n<\/div><\/section><\/div>\n<style type=\"text\/css\" data-created_by=\"avia_inline_auto\" id=\"style-css-av-c981j-7c897df1e900a5d9bd9e698a7e24f615\">\n.flex_column.av-c981j-7c897df1e900a5d9bd9e698a7e24f615{\nborder-radius:0px 0px 0px 0px;\n-webkit-border-radius:0px 0px 0px 0px;\n-moz-border-radius:0px 0px 0px 0px;\n}\n<\/style>\n<div class='flex_column av-c981j-7c897df1e900a5d9bd9e698a7e24f615 av_two_third  avia-builder-el-8  el_after_av_one_third  el_before_av_two_third  flex_column_div  av-animated-generic bottom-to-top av-zero-column-padding '   ><style type=\"text\/css\" data-created_by=\"avia_inline_auto\" id=\"style-css-av-bimpn-b55f9931de6d9f1c0717b653525a7d45\">\n.avia-image-container.av-bimpn-b55f9931de6d9f1c0717b653525a7d45 .av-image-caption-overlay-center{\ncolor:#ffffff;\n}\n<\/style>\n<div  class='avia-image-container av-bimpn-b55f9931de6d9f1c0717b653525a7d45 av-styling- avia-align-right  avia-builder-el-9  avia-builder-el-no-sibling  '  itemprop=\"image\" itemscope=\"itemscope\" itemtype=\"https:\/\/schema.org\/ImageObject\" ><div class=\"avia-image-container-inner\"><div class=\"avia-image-overlay-wrap\"><img class='wp-image-161 avia-img-lazy-loading-not-161 avia_image' src=\"https:\/\/www.vollberg-gmbh.de\/wp-content\/uploads\/2017\/08\/GF0A7584-2.jpg\" alt='' title=''  height=\"800\" width=\"1200\"  itemprop=\"thumbnailUrl\" srcset=\"https:\/\/www.vollberg-gmbh.de\/wp-content\/uploads\/2017\/08\/GF0A7584-2.jpg 1200w, https:\/\/www.vollberg-gmbh.de\/wp-content\/uploads\/2017\/08\/GF0A7584-2-300x200.jpg 300w, https:\/\/www.vollberg-gmbh.de\/wp-content\/uploads\/2017\/08\/GF0A7584-2-768x512.jpg 768w, https:\/\/www.vollberg-gmbh.de\/wp-content\/uploads\/2017\/08\/GF0A7584-2-1030x687.jpg 1030w, https:\/\/www.vollberg-gmbh.de\/wp-content\/uploads\/2017\/08\/GF0A7584-2-705x470.jpg 705w, https:\/\/www.vollberg-gmbh.de\/wp-content\/uploads\/2017\/08\/GF0A7584-2-450x300.jpg 450w\" sizes=\"(max-width: 1200px) 100vw, 1200px\" \/><\/div><\/div><\/div><\/div>\n<style type=\"text\/css\" data-created_by=\"avia_inline_auto\" id=\"style-css-av-augkn-c29a9af269ea685f62ef4b0d01a0ff60\">\n.flex_column.av-augkn-c29a9af269ea685f62ef4b0d01a0ff60{\nborder-radius:0px 0px 0px 0px;\n-webkit-border-radius:0px 0px 0px 0px;\n-moz-border-radius:0px 0px 0px 0px;\n}\n<\/style>\n<div class='flex_column av-augkn-c29a9af269ea685f62ef4b0d01a0ff60 av_two_third  avia-builder-el-10  el_after_av_two_third  el_before_av_one_third  first flex_column_div  av-animated-generic bottom-to-top av-zero-column-padding column-top-margin'   ><style type=\"text\/css\" data-created_by=\"avia_inline_auto\" id=\"style-css-av-an687-68cfdb921326315ed686acf9f73cfc51\">\n.avia-image-container.av-an687-68cfdb921326315ed686acf9f73cfc51 .av-image-caption-overlay-center{\ncolor:#ffffff;\n}\n<\/style>\n<div  class='avia-image-container av-an687-68cfdb921326315ed686acf9f73cfc51 av-styling- avia-align-left  avia-builder-el-11  avia-builder-el-no-sibling  '  itemprop=\"image\" itemscope=\"itemscope\" itemtype=\"https:\/\/schema.org\/ImageObject\" ><div class=\"avia-image-container-inner\"><div class=\"avia-image-overlay-wrap\"><img class='wp-image-669 avia-img-lazy-loading-not-669 avia_image' src=\"https:\/\/www.vollberg-gmbh.de\/wp-content\/uploads\/2017\/07\/7396.jpg\" alt='' title=''  height=\"1133\" width=\"1700\"  itemprop=\"thumbnailUrl\" srcset=\"https:\/\/www.vollberg-gmbh.de\/wp-content\/uploads\/2017\/07\/7396.jpg 1700w, https:\/\/www.vollberg-gmbh.de\/wp-content\/uploads\/2017\/07\/7396-300x200.jpg 300w, https:\/\/www.vollberg-gmbh.de\/wp-content\/uploads\/2017\/07\/7396-768x512.jpg 768w, https:\/\/www.vollberg-gmbh.de\/wp-content\/uploads\/2017\/07\/7396-1030x686.jpg 1030w, https:\/\/www.vollberg-gmbh.de\/wp-content\/uploads\/2017\/07\/7396-1500x1000.jpg 1500w, https:\/\/www.vollberg-gmbh.de\/wp-content\/uploads\/2017\/07\/7396-705x470.jpg 705w, https:\/\/www.vollberg-gmbh.de\/wp-content\/uploads\/2017\/07\/7396-450x300.jpg 450w\" sizes=\"(max-width: 1700px) 100vw, 1700px\" \/><\/div><\/div><\/div><\/div>\n<style type=\"text\/css\" data-created_by=\"avia_inline_auto\" id=\"style-css-av-9zy6z-d1ea94109bac4f6d14fdab1bf613bb29\">\n.flex_column.av-9zy6z-d1ea94109bac4f6d14fdab1bf613bb29{\nborder-radius:0px 0px 0px 0px;\n-webkit-border-radius:0px 0px 0px 0px;\n-moz-border-radius:0px 0px 0px 0px;\n}\n<\/style>\n<div class='flex_column av-9zy6z-d1ea94109bac4f6d14fdab1bf613bb29 av_one_third  avia-builder-el-12  el_after_av_two_third  avia-builder-el-last  flex_column_div  av-animated-generic bottom-to-top av-zero-column-padding column-top-margin'   ><section  class='av_textblock_section av-93m87-2216f5162483718d64b1e1e7d724639a '  itemscope=\"itemscope\" itemtype=\"https:\/\/schema.org\/CreativeWork\" ><div class='avia_textblock '  itemprop=\"text\" ><div class=\"page\" title=\"\">\n<div class=\"section\">\n<div class=\"layoutArea\">\n<div class=\"column\">\n<div class=\"page\" title=\"\">\n<div class=\"section\">\n<div class=\"layoutArea\">\n<div class=\"column\">\n<p><strong>Wir setzen auf Qualit\u00e4t!<\/strong><\/p>\n<p>Um unser Unternehmen an das gestiegene Qualit\u00e4tsbewusstsein,\u00a0st\u00e4ndige Fertigungsinnovationen und nicht zuletzt an die Erfordernisse des Marktes anzupassen, haben wir ein prozessorientiertes Qualit\u00e4tssystem aufgebaut. Unsere qualifizierten Mitarbeiter produzieren mit gr\u00f6\u00dftm\u00f6glicher Sorgfalt und fortw\u00e4hrenden\u00a0Kontrollen ein H\u00f6chstma\u00df an Qualit\u00e4t.<\/p>\n<p>Seit 2007 sind wir nach ISO 9001 zertifiziert. 2018 wurden wir vom T\u00dcV Hessen erfolgreich nach der neuen Norm 2015 zertifiziert. Sie k\u00f6nnen sich darauf verlassen, dass wir bestens auf die immer vielf\u00e4ltiger und komplexer werdenden Anforderungen an Produktion und Werkstoffe vorbereitet sind.<\/p>\n<\/div>\n<\/div>\n<\/div>\n<\/div>\n<\/div>\n<\/div>\n<\/div>\n<\/div>\n<\/div><\/section><\/div><\/div><\/div><\/div><!-- close content main div --><\/div><\/div><\/div><div id='after_section_2'  class='main_color av_default_container_wrap container_wrap fullsize'  ><div class='container av-section-cont-open' ><div class='template-page content  av-content-full alpha units'><div class='post-entry post-entry-type-page post-entry-19'><div class='entry-content-wrapper clearfix'>\n<style type=\"text\/css\" data-created_by=\"avia_inline_auto\" id=\"style-css-av-2nuxv-fdd9549533869960349d35a0ed1d5946\">\n.flex_column.av-2nuxv-fdd9549533869960349d35a0ed1d5946{\nborder-radius:0px 0px 0px 0px;\n-webkit-border-radius:0px 0px 0px 0px;\n-moz-border-radius:0px 0px 0px 0px;\n}\n<\/style>\n<div class='flex_column av-2nuxv-fdd9549533869960349d35a0ed1d5946 av_one_half  avia-builder-el-14  el_after_av_section  el_before_av_one_half  avia-builder-el-first  first flex_column_div  av-animated-generic bottom-to-top av-zero-column-padding '   ><article  class=\"iconbox iconbox_top av-7nsb-fee80a4d3041e0137b0b3b87528294a7  avia-builder-el-15  avia-builder-el-no-sibling  main_color \"  itemscope=\"itemscope\" itemtype=\"https:\/\/schema.org\/CreativeWork\" ><div class=\"iconbox_content\"><header class=\"entry-content-header\"><div class=\"iconbox_icon heading-color\" aria-hidden='true' data-av_icon='\ue854' data-av_iconfont='entypo-fontello'><\/div><h3 class='iconbox_content_title  '  itemprop=\"headline\" ><a href='https:\/\/www.vollberg-gmbh.de\/?page_id=25' title='Rufen Sie uns an.'  >Rufen Sie uns an.<\/a><\/h3><\/header><div class='iconbox_content_container  '  itemprop=\"text\" ><p>+49 (0) 6081 \/ 96 58 00<\/p>\n<\/div><\/div><footer class=\"entry-footer\"><\/footer><\/article><\/div><\/p>\n\n<style type=\"text\/css\" data-created_by=\"avia_inline_auto\" id=\"style-css-av-1enmj-3188273b10713291b31fc27a4fc68c95\">\n.flex_column.av-1enmj-3188273b10713291b31fc27a4fc68c95{\nborder-radius:0px 0px 0px 0px;\n-webkit-border-radius:0px 0px 0px 0px;\n-moz-border-radius:0px 0px 0px 0px;\n}\n<\/style>\n<div class='flex_column av-1enmj-3188273b10713291b31fc27a4fc68c95 av_one_half  avia-builder-el-16  el_after_av_one_half  avia-builder-el-last  flex_column_div  av-animated-generic bottom-to-top av-zero-column-padding '   ><article  class=\"iconbox iconbox_top av-o587-cc05a072ae314daa57c2145d2adb33da  avia-builder-el-17  avia-builder-el-no-sibling  main_color \"  itemscope=\"itemscope\" itemtype=\"https:\/\/schema.org\/CreativeWork\" ><div class=\"iconbox_content\"><header class=\"entry-content-header\"><div class=\"iconbox_icon heading-color\" aria-hidden='true' data-av_icon='\ue805' data-av_iconfont='entypo-fontello'><\/div><h3 class='iconbox_content_title  '  itemprop=\"headline\" ><a href='mailto:info@vollberg-gmbh.de' title='Schreiben Sie uns eine E-Mail.'  >Schreiben Sie uns eine E-Mail.<\/a><\/h3><\/header><div class='iconbox_content_container  '  itemprop=\"text\" ><p>info@vollberg-gmbh.de<\/p>\n<\/div><\/div><footer class=\"entry-footer\"><\/footer><\/article><\/div>\n","protected":false},"excerpt":{"rendered":"","protected":false},"author":1,"featured_media":0,"parent":0,"menu_order":0,"comment_status":"closed","ping_status":"closed","template":"","meta":[],"_links":{"self":[{"href":"https:\/\/www.vollberg-gmbh.de\/index.php?rest_route=\/wp\/v2\/pages\/19"}],"collection":[{"href":"https:\/\/www.vollberg-gmbh.de\/index.php?rest_route=\/wp\/v2\/pages"}],"about":[{"href":"https:\/\/www.vollberg-gmbh.de\/index.php?rest_route=\/wp\/v2\/types\/page"}],"author":[{"embeddable":true,"href":"https:\/\/www.vollberg-gmbh.de\/index.php?rest_route=\/wp\/v2\/users\/1"}],"replies":[{"embeddable":true,"href":"https:\/\/www.vollberg-gmbh.de\/index.php?rest_route=%2Fwp%2Fv2%2Fcomments&post=19"}],"version-history":[{"count":79,"href":"https:\/\/www.vollberg-gmbh.de\/index.php?rest_route=\/wp\/v2\/pages\/19\/revisions"}],"predecessor-version":[{"id":1411,"href":"https:\/\/www.vollberg-gmbh.de\/index.php?rest_route=\/wp\/v2\/pages\/19\/revisions\/1411"}],"wp:attachment":[{"href":"https:\/\/www.vollberg-gmbh.de\/index.php?rest_route=%2Fwp%2Fv2%2Fmedia&parent=19"}],"curies":[{"name":"wp","href":"https:\/\/api.w.org\/{rel}","templated":true}]}}