{"id":741,"date":"2019-05-31T23:47:42","date_gmt":"2019-05-31T21:47:42","guid":{"rendered":"https:\/\/www.vollberg-gmbh.de\/?page_id=741"},"modified":"2021-12-09T15:01:05","modified_gmt":"2021-12-09T14:01:05","slug":"datenschutzerklaerung","status":"publish","type":"page","link":"https:\/\/www.vollberg-gmbh.de\/?page_id=741","title":{"rendered":"Datenschutzerkl\u00e4rung"},"content":{"rendered":"<section  class='av_textblock_section av-kwz0zsyr-aeeca521548b45c6b8588c6e7153ecd2 '  itemscope=\"itemscope\" itemtype=\"https:\/\/schema.org\/CreativeWork\" ><div class='avia_textblock '  itemprop=\"text\" ><h4><b>Grundlegendes<\/b><\/h4>\n<p>Diese Datenschutzerkl\u00e4rung soll die Nutzer dieser Website \u00fcber die Art, den Umfang und den Zweck der Erhebung und Verwendung personenbezogener Daten durch den Websitebetreiber:\u00a0G. Vollberg Maschinenbau GmbH,\u00a0Raiffeisenstr. 3,\u00a061250 Usingen\u00a0informieren.<br \/>\nDie Adresse unserer Website ist: https:\/\/www.vollberg-gmbh.de<\/p>\n<h4><b>Angaben zum Verantwortlichen:<\/b><\/h4>\n<p><strong>G. Vollberg Maschinenbau GmbH<\/strong><\/p>\n<p>Raiffeisenstr. 3<br \/>\n61250 Usingen<\/p>\n<p>Telefon: +49 6081 \/ 96 58 00<br \/>\nTelefax: +49 6081 \/ 96 58 029<\/p>\n<p>E-Mail: info@vollberg-gmbh.de<\/p>\n<p>Der Websitebetreiber nimmt Ihren Datenschutz sehr ernst und behandelt Ihre personenbezogenen Daten vertraulich und entsprechend der gesetzlichen Vorschriften. Da durch neue Technologien und die st\u00e4ndige Weiterentwicklung dieser Webseite \u00c4nderungen an dieser Datenschutzerkl\u00e4rung vorgenommen werden k\u00f6nnen, empfehlen wir Ihnen sich die Datenschutzerkl\u00e4rung in regelm\u00e4\u00dfigen Abst\u00e4nden wieder durchzulesen.<\/p>\n<p>Definitionen der verwendeten Begriffe (z.B. \u201cpersonenbezogene Daten\u201d oder \u201cVerarbeitung\u201d) finden Sie in Art. 4 DSGVO.<\/p>\n<h4><b>Zugriffsdaten<\/b><\/h4>\n<p>Wir, der Websitebetreiber bzw. Seitenprovider, erheben aufgrund unseres berechtigten Interesses (s. Art. 6 Abs. 1 lit. f. DSGVO) Daten \u00fcber Zugriffe auf die Website und speichern diese als \u201eServer-Logfiles\u201c auf dem Server der Website ab. Folgende Daten werden so protokolliert:<\/p>\n<p>Besuchte Website<br \/>\nUhrzeit zum Zeitpunkt des Zugriffes<br \/>\nMenge der gesendeten Daten in Byte<br \/>\nQuelle\/Verweis, von welchem Sie auf die Seite gelangten<br \/>\nVerwendeter Browser<br \/>\nVerwendetes Betriebssystem<br \/>\nVerwendete IP-Adresse<\/p>\n<p>Die Server-Logfiles werden f\u00fcr maximal 7 Tage gespeichert und anschlie\u00dfend gel\u00f6scht. Die Speicherung der Daten erfolgt aus Sicherheitsgr\u00fcnden, um z. B. Missbrauchsf\u00e4lle aufkl\u00e4ren zu k\u00f6nnen. M\u00fcssen Daten aus Beweisgr\u00fcnden aufgehoben werden, sind sie solange von der L\u00f6schung ausgenommen bis der Vorfall endg\u00fcltig gekl\u00e4rt ist.<\/p>\n<h4><b>\u00dcbermittlung personenbezogener Daten in ein Drittland oder an eine internationale Organisation<\/b><\/h4>\n<p>Die \u00dcbermittlung findet nicht statt und ist auch nicht geplant.<\/p>\n<h4><b>Cookies<\/b><\/h4>\n<p>Diese Website verwendet Cookies, die entweder von unserem Server oder dem Server Dritter an den Browser des Nutzers \u00fcbertragen werden. Bei Cookies handelt es sich um kleine Dateien, welche auf Ihrem Endger\u00e4t gespeichert werden. Ihr Browser greift auf diese Dateien zu. Durch den Einsatz von Cookies erh\u00f6ht sich die Benutzerfreundlichkeit und Sicherheit dieser Website.<\/p>\n<p>Wenn Sie einen Kommentar auf unserer Website schreiben, kann das eine Einwilligung sein, ihren Namen, E-Mail-Adresse und Website in Cookies zu speichern. Dies ist eine Komfortfunktion, damit sie nicht, wenn sie einen weiteren Kommentar schreiben, all diese Daten erneut eingeben m\u00fcssen. Diese Cookies werden ein Jahr lang gespeichert.<\/p>\n<p>Falls Sie nicht m\u00f6chten, dass Cookies auf Ihrem Endger\u00e4t gespeichert werden, k\u00f6nnen Sie dem Einsatz dieser Dateien hier widersprechen:<\/p>\n<p>Cookie-Deaktivierungsseite der Netzwerkwerbeinitiative: http:\/\/optout.networkadvertising.org\/?c=1#!\/<\/p>\n<p>Cookie-Deaktivierungsseite der US-amerikanischen Website: http:\/\/optout.aboutads.info\/?c=2#!\/<\/p>\n<p>Cookie-Deaktivierungsseite der europ\u00e4ischen Website: http:\/\/optout.networkadvertising.org\/?c=1#!\/<\/p>\n<p>G\u00e4ngige Browser bieten die Einstellungsoption, Cookies nicht zuzulassen. Hinweis: Es ist nicht gew\u00e4hrleistet, dass Sie auf alle Funktionen dieser Website ohne Einschr\u00e4nkungen zugreifen k\u00f6nnen, wenn Sie entsprechende Einstellungen vornehmen.<\/p>\n<h4><b>Eingebettete Inhalte von anderen Websites<\/b><\/h4>\n<p>Beitr\u00e4ge auf dieser Website k\u00f6nnen eingebettete Inhalte beinhalten (z.\u00a0B. Videos, Bilder, Beitr\u00e4ge etc.). Eingebettete Inhalte von anderen Websites verhalten sich exakt so, als ob der Besucher die andere Website besucht h\u00e4tte.<\/p>\n<p>Diese Websites k\u00f6nnen Daten \u00fcber Sie sammeln, Cookies benutzen, zus\u00e4tzliche Tracking-Dienste von Dritten einbetten und ihre Interaktion mit diesem eingebetteten Inhalt aufzeichnen, inklusive ihrer Interaktion mit dem eingebetteten Inhalt, falls sie ein Konto haben und auf dieser Website angemeldet sind.<\/p>\n<h4><b>Kommentare<\/b><\/h4>\n<p>Wenn Besucher Kommentare auf der Website schreiben, sammeln wir die Daten, die im Kommentar-Formular angezeigt werden, au\u00dferdem die IP-Adresse des Besuchers und den User-Agent-String (damit wird der Browser identifiziert), um die Erkennung von Spam zu unterst\u00fctzen.<\/p>\n<p>Aus deiner E-Mail-Adresse kann eine anonymisierte Zeichenfolge erstellt (auch Hash genannt) und dem Gravatar-Dienst \u00fcbergeben werden, um zu pr\u00fcfen, ob du diesen benutzt. Die Datenschutzerkl\u00e4rung des Gravatar-Dienstes findest du hier: https:\/\/automattic.com\/privacy\/. Nachdem dein Kommentar freigegeben wurde, ist dein Profilbild \u00f6ffentlich im Kontext deines Kommentars sichtbar.<\/p>\n<h4><b>Nutzung von Social-Media-Plugins von Facebook<\/b><\/h4>\n<p>Aufgrund unseres berechtigten Interesses an der Analyse, Optimierung und dem Betrieb unseres Online-Angebotes (im Sinne des Art. 6 Abs. 1 lit. f. DSGVO), verwendet diese Website das Facebook-Social-Plugin, welches von der Facebook Inc. (1 Hacker Way, Menlo Park, California 94025, USA) betrieben wird. Erkennbar sind die Einbindungen an dem Facebook-Logo bzw. an den Begriffen \u201eLike\u201c, \u201eGef\u00e4llt mir\u201c, \u201eTeilen\u201c in den Farben Facebooks (Blau und Wei\u00df). Informationen zu allen Facebook-Plugins finden Sie \u00fcber den folgenden Link: https:\/\/developers.facebook.com\/docs\/plugins\/<\/p>\n<p>Facebook Inc. h\u00e4lt das europ\u00e4ische Datenschutzrecht ein und ist unter dem Privacy-Shield-Abkommen zertifiziert: https:\/\/www.privacyshield.gov\/participant?id=a2zt0000000GnywAAC&amp;status=Active<\/p>\n<p>Das Plugin stellt eine direkte Verbindung zwischen Ihrem Browser und den Facebook-Servern her. Der Websitebetreiber hat keinerlei Einfluss auf die Natur und den Umfang der Daten, welche das Plugin an die Server der Facebook Inc. \u00fcbermittelt. Informationen dazu finden Sie hier: https:\/\/www.facebook.com\/help\/186325668085084<\/p>\n<p>Das Plugin informiert die Facebook Inc. dar\u00fcber, dass Sie als Nutzer diese Website besucht haben. Es besteht hierbei die M\u00f6glichkeit, dass Ihre IP-Adresse gespeichert wird. Sind Sie w\u00e4hrend des Besuchs auf dieser Website in Ihrem Facebook-Konto eingeloggt, werden die genannten Informationen mit diesem verkn\u00fcpft.<\/p>\n<p>Nutzen Sie die Funktionen des Plugins \u2013 etwa indem Sie einen Beitrag teilen oder \u201eliken\u201c \u2013, werden die entsprechenden Informationen ebenfalls an die Facebook Inc. \u00fcbermittelt.<\/p>\n<p>M\u00f6chten Sie verhindern, dass die Facebook. Inc. diese Daten mit Ihrem Facebook-Konto verkn\u00fcpft, loggen Sie sich bitte vor dem Besuch dieser Website bei Facebook aus und l\u00f6schen Sie die gespeicherten Cookies. \u00dcber Ihr Facebook-Profil k\u00f6nnen Sie weitere Einstellungen zur Datenverarbeitung f\u00fcr Werbezwecke t\u00e4tigen oder der Nutzung Ihrer Daten f\u00fcr Werbezwecke widersprechen. Zu den Einstellungen gelangen Sie hier:<\/p>\n<ul>\n<li>\u00efProfileinstellungen bei Facebook: https:\/\/www.facebook.com\/ads\/preferences\/?entry_product=ad_settings_screen<\/li>\n<li>\u00efCookie-Deaktivierungsseite der US-amerikanischen Website: http:\/\/optout.aboutads.info\/?c=2#!\/<\/li>\n<li>\u00efCookie-Deaktivierungsseite der europ\u00e4ischen Website: http:\/\/optout.networkadvertising.org\/?c=1#!\/<\/li>\n<\/ul>\n<p>Welche Daten, zu welchem Zweck und in welchem Umfang Facebook Daten erhebt, nutzt und verarbeitet und welche Rechte sowie Einstellungsm\u00f6glichkeiten Sie zum Schutz Ihrer Privatsph\u00e4re haben, k\u00f6nnen Sie in den Datenschutzrichtlinien von Facebook nachlesen. Diese finden Sie hier: https:\/\/www.facebook.com\/about\/privacy\/<\/p>\n<h4><b>Google Maps<\/b><\/h4>\n<p>Diese Seite nutzt \u00fcber eine API den Kartendienst Google Maps. Anbieter ist die Google Inc., 1600 Amphitheatre Parkway, Mountain View, CA 94043, USA.<\/p>\n<p>Zur Nutzung der Funktionen von Google Maps ist es notwendig, Ihre IP Adresse zu speichern. Diese Informationen werden in der Regel an einen Server von Google in den USA \u00fcbertragen und dort gespeichert. Der Anbieter dieser Seite hat keinen Einfluss auf diese Daten\u00fcbertragung.<\/p>\n<p>Die Nutzung von Google Maps erfolgt im Interesse einer ansprechenden Darstellung unserer Online-Angebote und an einer leichten Auffindbarkeit der von uns auf der Website angegebenen Orte. Dies stellt ein berechtigtes Interesse im Sinne von Art. 6 Abs. 1 lit. f DSGVO dar.<\/p>\n<p>Mehr Informationen zum Umgang mit Nutzerdaten finden Sie in der Datenschutzerkl\u00e4rung von Google: <a class=\"single-link\" href=\"https:\/\/www.google.de\/intl\/de\/policies\/privacy\/\" target=\"_blank\" rel=\"noopener\">https:\/\/www.google.de\/intl\/de\/policies\/privacy\/<\/a>.<\/p>\n<p><b>Erfassung und Verarbeitung personenbezogener Daten<\/b><\/p>\n<p>Der Websitebetreiber erhebt, nutzt und gibt Ihre personenbezogenen Daten nur dann weiter, wenn dies im gesetzlichen Rahmen erlaubt ist oder Sie in die Datenerhebung einwilligen.<\/p>\n<p>Als personenbezogene Daten gelten s\u00e4mtliche Informationen, welche dazu dienen, Ihre Person zu bestimmen und welche zu Ihnen zur\u00fcckverfolgt werden k\u00f6nnen \u2013 also beispielsweise Ihr Name, Ihre E-Mail-Adresse und Telefonnummer.<\/p>\n<p>Diese Website k\u00f6nnen Sie auch besuchen, ohne Angaben zu Ihrer Person zu machen. Zur Verbesserung unseres Online-Angebotes speichern wir jedoch (ohne Personenbezug) Ihre Zugriffsdaten auf diese Website. Zu diesen Zugriffsdaten geh\u00f6ren z. B. die von Ihnen angeforderte Datei oder der Name Ihres Internet-Providers. Durch die Anonymisierung der Daten sind R\u00fcckschl\u00fcsse auf Ihre Person nicht m\u00f6glich.<\/p>\n<p>Welche? \u2013 Wir verarbeiten personenbezogene Daten wie Vorname, Nachname, IP-Adresse, E-Mail-Adresse, Wohnort, Postleitzahl und Inhaltsangaben aus dem Kontaktformular.<\/p>\n<p>Wie? \u2013 Wir verarbeiten personenbezogene Daten nur nach ausdr\u00fccklicher Erlaubnis der betreffenden Nutzer und unter Einhaltung der geltenden Datenschutzbestimmungen.<\/p>\n<p>Warum? \u2013 Die Verarbeitung der personenbezogenen Daten erfolgt aufgrund unseres berechtigten Interesses zur Erf\u00fcllung unserer vertraglich vereinbarten Leistungen und zur Optimierung unseres Online-Angebotes.<\/p>\n<h4><b>Umgang mit Kontaktdaten<\/b><\/h4>\n<p>Nehmen Sie mit uns als Websitebetreiber durch die angebotenen Kontaktm\u00f6glichkeiten Verbindung auf, werden Ihre Angaben gespeichert, damit auf diese zur Bearbeitung und Beantwortung Ihrer Anfrage zur\u00fcckgegriffen werden kann. Ohne Ihre Einwilligung werden diese Daten nicht an Dritte weitergegeben.<\/p>\n<h4><b>Rechte des Nutzers<\/b><\/h4>\n<p>Sie haben als Nutzer das Recht, auf Antrag eine kostenlose Auskunft dar\u00fcber zu erhalten, welche personenbezogenen Daten \u00fcber Sie gespeichert wurden. Sie haben au\u00dferdem das Recht auf Berichtigung falscher Daten und auf die Verarbeitungseinschr\u00e4nkung oder L\u00f6schung Ihrer personenbezogenen Daten. Falls zutreffend, k\u00f6nnen Sie auch Ihr Recht auf Datenportabilit\u00e4t geltend machen. Sollten Sie annehmen, dass Ihre Daten unrechtm\u00e4\u00dfig verarbeitet wurden, k\u00f6nnen Sie eine Beschwerde bei der zust\u00e4ndigen Aufsichtsbeh\u00f6rde einreichen.<\/p>\n<h4><b>L\u00f6schung von Daten<\/b><\/h4>\n<p>Sofern Ihr Wunsch nicht mit einer gesetzlichen Pflicht zur Aufbewahrung von Daten (z. B. Vorratsdatenspeicherung) kollidiert, haben Sie ein Anrecht auf L\u00f6schung Ihrer Daten. Von uns gespeicherte Daten werden, sollten sie f\u00fcr ihre Zweckbestimmung nicht mehr vonn\u00f6ten sein und es keine gesetzlichen Aufbewahrungsfristen geben, gel\u00f6scht. Falls eine L\u00f6schung nicht durchgef\u00fchrt werden kann, da die Daten f\u00fcr zul\u00e4ssige gesetzliche Zwecke erforderlich sind, erfolgt eine Einschr\u00e4nkung der Datenverarbeitung. In diesem Fall werden die Daten gesperrt und nicht f\u00fcr andere Zwecke verarbeitet.<\/p>\n<h4><b>Widerspruchsrecht<\/b><\/h4>\n<p>Nutzer dieser Webseite k\u00f6nnen von ihrem Widerspruchsrecht Gebrauch machen und der Verarbeitung ihrer personenbezogenen Daten zu jeder Zeit widersprechen.<\/p>\n<p>Wenn Sie eine Berichtigung, Sperrung, L\u00f6schung oder Auskunft \u00fcber die zu Ihrer Person gespeicherten personenbezogenen Daten w\u00fcnschen oder Fragen bzgl. der Erhebung, Verarbeitung oder Verwendung Ihrer personenbezogenen Daten haben oder erteilte Einwilligungen widerrufen m\u00f6chten, wenden Sie sich bitte an folgende E-Mail-Adresse: [info@vollberg-gmbh.de]<\/p>\n<\/div><\/section>\n","protected":false},"excerpt":{"rendered":"","protected":false},"author":1,"featured_media":0,"parent":0,"menu_order":0,"comment_status":"closed","ping_status":"closed","template":"","meta":[],"_links":{"self":[{"href":"https:\/\/www.vollberg-gmbh.de\/index.php?rest_route=\/wp\/v2\/pages\/741"}],"collection":[{"href":"https:\/\/www.vollberg-gmbh.de\/index.php?rest_route=\/wp\/v2\/pages"}],"about":[{"href":"https:\/\/www.vollberg-gmbh.de\/index.php?rest_route=\/wp\/v2\/types\/page"}],"author":[{"embeddable":true,"href":"https:\/\/www.vollberg-gmbh.de\/index.php?rest_route=\/wp\/v2\/users\/1"}],"replies":[{"embeddable":true,"href":"https:\/\/www.vollberg-gmbh.de\/index.php?rest_route=%2Fwp%2Fv2%2Fcomments&post=741"}],"version-history":[{"count":5,"href":"https:\/\/www.vollberg-gmbh.de\/index.php?rest_route=\/wp\/v2\/pages\/741\/revisions"}],"predecessor-version":[{"id":1394,"href":"https:\/\/www.vollberg-gmbh.de\/index.php?rest_route=\/wp\/v2\/pages\/741\/revisions\/1394"}],"wp:attachment":[{"href":"https:\/\/www.vollberg-gmbh.de\/index.php?rest_route=%2Fwp%2Fv2%2Fmedia&parent=741"}],"curies":[{"name":"wp","href":"https:\/\/api.w.org\/{rel}","templated":true}]}}